{"id":7,"date":"2020-01-21T11:38:42","date_gmt":"2020-01-21T10:38:42","guid":{"rendered":"https:\/\/carmengo.fr\/?page_id=7"},"modified":"2026-04-11T19:17:09","modified_gmt":"2026-04-11T17:17:09","slug":"7-2","status":"publish","type":"page","link":"https:\/\/carmengo.fr\/","title":{"rendered":"Accueil"},"content":{"rendered":"<p>[et_pb_section fb_built=&#8221;1&#8243; _builder_version=&#8221;4.0.5&#8243; custom_padding=&#8221;50px|||||&#8221;][et_pb_row _builder_version=&#8221;4.0.5&#8243;][et_pb_column type=&#8221;4_4&#8243; _builder_version=&#8221;4.0.5&#8243;][et_pb_text _builder_version=&#8221;4.0.5&#8243; text_font=&#8221;Georgia||||||||&#8221; text_font_size=&#8221;36px&#8221; header_font_size=&#8221;20px&#8221; header_line_height=&#8221;1.5em&#8221; inline_fonts=&#8221;Arial&#8221;]<\/p>\n<h1 style=\"text-align: center;\"><span style=\"font-family: Arial; font-weight: normal; font-size: xx-large; color: #325e37;\"><strong>SITE EN CONSTRUCTION<\/strong><\/span><\/h1>\n<p>[\/et_pb_text][\/et_pb_column][\/et_pb_row][\/et_pb_section][et_pb_section fb_built=&#8221;1&#8243; module_id=&#8221;ancre1&#8243; _builder_version=&#8221;4.0.5&#8243;][et_pb_row _builder_version=&#8221;4.0.5&#8243; custom_padding=&#8221;||0px|||&#8221;][et_pb_column type=&#8221;4_4&#8243; _builder_version=&#8221;4.0.5&#8243;][et_pb_text _builder_version=&#8221;4.0.5&#8243; text_font=&#8221;|600|||||||&#8221; text_font_size=&#8221;18px&#8221; custom_padding=&#8221;19px|15px|20px|20px|false|false&#8221; link_option_url=&#8221;https:\/\/carmengo.fr\/#ancre1&#8243; border_radii=&#8221;on|6px|6px|6px|6px&#8221; box_shadow_style=&#8221;preset2&#8243;]<\/p>\n<p>Avant de retrouver un site tout beau tout neuf, voici une courte description de ce que nous faisons.<\/p>\n<p>&nbsp;<\/p>\n<p>Nous sommes une entreprise sp\u00e9cialis\u00e9 dans l&#8217;am\u00e9nagement des ext\u00e9rieurs, qui comprend la cr\u00e9ation et l&#8217;entretien de vos jardins, ainsi que des entreprises et des collectivit\u00e9s.<\/p>\n<p>Retrouvez-nous sur Instagram pour voir nos r\u00e9alisations :\u00a0<a href=\"https:\/\/www.instagram.com\/sarl.carmengo\/\">https:\/\/www.instagram.com\/sarl.carmengo\/<\/a><\/p>\n<p>&nbsp;<\/p>\n<p>Adh\u00e9rents \u00e0 une coop\u00e9rative de service \u00e0 la personne, les particuliers b\u00e9n\u00e9ficient d\u2019un <span style=\"color: #e02b20;\">avantage fiscal de 50%<\/span> en avantage imm\u00e9diat.<\/p>\n<p>&nbsp;<\/p>\n<p>Contactez-nous par mail : <a href=\"mailto:carmengojardin@gmail.com\">carmengojardin@gmail.com<\/a>\u00a0ou par t\u00e9l\u00e9phone : 06 26 42 25 43<\/p>\n<p>&nbsp;<\/p>\n<p>[\/et_pb_text][\/et_pb_column][\/et_pb_row][\/et_pb_section]<\/p>\n","protected":false},"excerpt":{"rendered":"<p>[et_pb_section fb_built=&#8221;1&#8243; _builder_version=&#8221;4.0.5&#8243; custom_padding=&#8221;50px|||||&#8221;][et_pb_row _builder_version=&#8221;4.0.5&#8243;][et_pb_column type=&#8221;4_4&#8243; _builder_version=&#8221;4.0.5&#8243;][et_pb_text _builder_version=&#8221;4.0.5&#8243; text_font=&#8221;Georgia||||||||&#8221; text_font_size=&#8221;36px&#8221; header_font_size=&#8221;20px&#8221; header_line_height=&#8221;1.5em&#8221; inline_fonts=&#8221;Arial&#8221;] SITE EN CONSTRUCTION [\/et_pb_text][\/et_pb_column][\/et_pb_row][\/et_pb_section][et_pb_section fb_built=&#8221;1&#8243; module_id=&#8221;ancre1&#8243; _builder_version=&#8221;4.0.5&#8243;][et_pb_row _builder_version=&#8221;4.0.5&#8243; custom_padding=&#8221;||0px|||&#8221;][et_pb_column type=&#8221;4_4&#8243; _builder_version=&#8221;4.0.5&#8243;][et_pb_text _builder_version=&#8221;4.0.5&#8243; text_font=&#8221;|600|||||||&#8221; text_font_size=&#8221;18px&#8221; custom_padding=&#8221;19px|15px|20px|20px|false|false&#8221; link_option_url=&#8221;https:\/\/carmengo.fr\/#ancre1&#8243; border_radii=&#8221;on|6px|6px|6px|6px&#8221; box_shadow_style=&#8221;preset2&#8243;] Avant de retrouver un site tout beau tout neuf, voici une courte description de ce que nous faisons. &nbsp; Nous sommes une entreprise sp\u00e9cialis\u00e9 [&hellip;]<\/p>\n","protected":false},"author":1,"featured_media":0,"parent":0,"menu_order":0,"comment_status":"closed","ping_status":"closed","template":"","meta":{"_et_pb_use_builder":"on","_et_pb_old_content":"","footnotes":""},"class_list":["post-7","page","type-page","status-publish","hentry"],"_links":{"self":[{"href":"https:\/\/carmengo.fr\/index.php\/wp-json\/wp\/v2\/pages\/7","targetHints":{"allow":["GET"]}}],"collection":[{"href":"https:\/\/carmengo.fr\/index.php\/wp-json\/wp\/v2\/pages"}],"about":[{"href":"https:\/\/carmengo.fr\/index.php\/wp-json\/wp\/v2\/types\/page"}],"author":[{"embeddable":true,"href":"https:\/\/carmengo.fr\/index.php\/wp-json\/wp\/v2\/users\/1"}],"replies":[{"embeddable":true,"href":"https:\/\/carmengo.fr\/index.php\/wp-json\/wp\/v2\/comments?post=7"}],"version-history":[{"count":83,"href":"https:\/\/carmengo.fr\/index.php\/wp-json\/wp\/v2\/pages\/7\/revisions"}],"predecessor-version":[{"id":414,"href":"https:\/\/carmengo.fr\/index.php\/wp-json\/wp\/v2\/pages\/7\/revisions\/414"}],"wp:attachment":[{"href":"https:\/\/carmengo.fr\/index.php\/wp-json\/wp\/v2\/media?parent=7"}],"curies":[{"name":"wp","href":"https:\/\/api.w.org\/{rel}","templated":true}]}}